{"id":43,"date":"2025-06-02T13:20:56","date_gmt":"2025-06-02T13:20:56","guid":{"rendered":"https:\/\/webredox.net\/demo\/wp\/jesper\/?page_id=43"},"modified":"2025-08-06T13:25:37","modified_gmt":"2025-08-06T13:25:37","slug":"about-me","status":"publish","type":"page","link":"http:\/\/baptiste-nechar.fr\/index.php\/about-me\/","title":{"rendered":"About Me"},"content":{"rendered":"\t\t<div data-elementor-type=\"wp-page\" data-elementor-id=\"43\" class=\"elementor elementor-43\">\n\t\t\t\t<div class=\"elementor-element elementor-element-2a75ee9 e-con-full e-flex tt-sticky-element-no tt-sticker-scroller-no e-con e-parent\" data-id=\"2a75ee9\" data-element_type=\"container\">\n\t\t\t\t<div class=\"elementor-element elementor-element-584e2a3 tt-sticky-element-no tt-sticker-scroller-no elementor-widget elementor-widget-jesper-banner\" data-id=\"584e2a3\" data-element_type=\"widget\" data-widget_type=\"jesper-banner.default\">\n\t\t\t\t<div class=\"elementor-widget-container\">\n\t\t\t\t\t\t\t<!-- ========================\n\t\t\/\/\/\/\/ Begin page header \/\/\/\/\/\n\t\t============================= \n\t\t-->\n\t\t<div id=\"page-header\" class=\"ph-full  ph-full-m ph-cap-xxxxlg ph-image-parallax  ph-bg-is-dark ph-center ph-caption-parallax\">\n\t\t\t\t\t\t\t\t\t<!-- Begin page header video \n\t\t\t============================= \n\t\t\t-->\n\t\t\t\t\t\t\t\t\t<!-- End page header video -->\n\t\t\t<div class=\"page-header-inner tt-wrap\">\n\t\t\t\t<div class=\"ph-caption\">\n\t\t\t\t\t<div class=\"ph-caption-inner\">\n\t\t\t\t\t\t\t\t\t\t\t\t<h3 class=\"ph-caption-subtitle\">\n\t\t\t\t\t\t\tBaptiste NECHAR\t\t\t\t\t\t<\/h3>\n\t\t\t\t\t\t\t\t\t\t\t\t\t\t\t\t\t\t<h2 class=\"ph-caption-title\">\n\t\t\t\t\t\t\t\u00e0 PROPOS <br>DE MOI\t\t\t\t\t\t<\/h2>\n\t\t\t\t\t\t\t\t\t\t\t\t\n\t\t\t\t\t\t\t\t\t\t\t<\/div> <!-- \/.ph-caption-inner -->\n\t\t\t\t<\/div> <!-- \/.ph-caption -->\n\t\t\t<\/div> <!-- \/.page-header-inner -->\n\t\t\t\t\t\t<div class=\"page-header-inner ph-mask\">\n\t\t\t\t<div class=\"ph-mask-inner tt-wrap\">\n\t\t\t\t\t<div class=\"ph-caption\">\n\t\t\t\t\t\t<div class=\"ph-caption-inner\">\n\t\t\t\t\t\t\t\t\t\t\t\t\t\t<h3 class=\"ph-caption-subtitle\">\n\t\t\t\t\t\t\tBaptiste NECHAR\t\t\t\t\t\t\t<\/h3>\n\t\t\t\t\t\t\t\t\t\t\t\t\t\t<h2 class=\"ph-caption-title\">\n\t\t\t\t\t\t\t\t\t\t\t\t\t\t\tQui <br>suis-je ?\t\t\t\t\t\t\t\t\t\t\t\t\t\t\t<\/h2>\n\t\t\t\t\t\t\t\t\t\t\t\t\t\t\t\t\t\t\t\t<\/div> <!-- \/.ph-caption-inner -->\n\t\t\t\t\t<\/div> <!-- \/.ph-caption -->\n\t\t\t\t<\/div> <!-- \/.ph-mask-inner -->\n\t\t\t<\/div>\n\t\t\t<!-- End page header mask -->\n\t\t\t\t\t\t\t\t\t\t\t\t<!-- Begin social buttons\n\t\t\t========================== -->\n\t\t\t<div class=\"ph-social\">\n\t\t\t\t<ul>\n\t\t\t\t\t\t\t\t\t\t<li><a class=\"tt-magnetic-item\" target=\"_blank\" rel=\"noopener\" href=\"#\"><i class=\"fa-brands fa-facebook-f\"><\/i><\/a><\/li>\n\t\t\t\t\t\t\t\t\t\n\t\t\t\t\t<li><a class=\"tt-magnetic-item\" target=\"_blank\" rel=\"noopener\" href=\"#\"><i class=\"fa-brands fa-x-twitter\"><\/i><\/a><\/li>\n\t\t\t\t\t\t\t\t\t\n\t\t\t\t\n\t\t\t\t\t<li><a class=\"tt-magnetic-item\" target=\"_blank\" rel=\"noopener\" href=\"#\"><i class=\"fa-brands fa-tiktok\"><\/i><\/a><\/li>\n\t\t\t\t\t\t\t\t\t\n\t\t\t\t\t\t\t\t\t\n\t\t\t\t\t\t\t\t\t\n\t\t\t\t\t\t\t\t\t\n\t\t\t\t\t\t\t\t\t\n\t\t\t\t\t\t\t\t\t\n\t\t\t\t\t<li><a class=\"tt-magnetic-item\" target=\"_blank\" rel=\"noopener\" href=\"#\"><i class=\"fa-brands fa-instagram\"><\/i><\/a><\/li>\n\t\t\t\t\t\t\t\t\t\n\t\t\t\t\t\t\t\t\t\t\t\t\t\t<\/ul>\n\t\t\t<\/div>\n\t\t\t\t\t\t<!-- End social buttons -->\n\t\t\t\t\t\t<!-- Begin scroll down\n\t\t\t=======================\n\t\t\t* Note: Circle shown only if class \"ph-full\" or \"ph-full-m\" is enabled in \"page-header\" but not on small screens! Otherwise, only the arrow icon will be shown to save space.\n\t\t\t-->\n\t\t\t\t\t\t<div class=\"tt-scroll-down\">\n\t\t\t\t<!-- You can change \"data-offset\" attribute to set scroll top offset -->\n\t\t\t\t<a href=\"#about-content\" class=\"tt-scroll-down-inner tt-magnetic-item\" data-offset=\"0\">\n\t\t\t\t\t<div class=\"tt-scrd-icon\"><\/div>\n\t\t\t\t\t<svg viewBox=\"0 0 500 500\">\n\t\t\t\t\t\t<defs>\n\t\t\t\t\t\t\t<path d=\"M50,250c0-110.5,89.5-200,200-200s200,89.5,200,200s-89.5,200-200,200S50,360.5,50,250\" id=\"textcircle\"><\/path>\n\t\t\t\t\t\t<\/defs>\n\t\t\t\t\t\t<text dy=\"30\">\n\t\t\t\t\t\t\t<!-- If you change the text, you probably have to change the CSS parameters as well. In the \"theme.css\" file, find \".tt-scroll-down text {\" and change the \"font-size\" and \"letter-spacing\" to fit the text correctly. -->\n\t\t\t\t\t\t\t<textPath xlink:href=\"#textcircle\">Scroll et Explore - Scroll et Explore -<\/textPath>\n\t\t\t\t\t\t<\/text>\n\t\t\t\t\t<\/svg>\n\t\t\t\t<\/a> <!-- \/.tt-scroll-down-inner -->\n\t\t\t<\/div>\n\t\t\t<!-- End scroll down -->\n\t\t\t\t\t\t\t\t<\/div>\n\t\t<!-- End page header -->\n\t\t\t\t\t\t<\/div>\n\t\t\t\t<\/div>\n\t\t\t\t<\/div>\n\t\t<div class=\"elementor-element elementor-element-dbd3197 e-flex e-con-boxed tt-sticky-element-no tt-sticker-scroller-no e-con e-parent\" data-id=\"dbd3197\" data-element_type=\"container\" id=\"about-content\">\n\t\t\t\t\t<div class=\"e-con-inner\">\n\t\t<div class=\"elementor-element elementor-element-a9259d2 e-con-full e-flex tt-sticky-element-no tt-sticker-scroller-no e-con e-child\" data-id=\"a9259d2\" data-element_type=\"container\">\n\t\t\t\t<div class=\"elementor-element elementor-element-0a0a6ef tt-sticky-element-no tt-sticker-scroller-no elementor-widget elementor-widget-jesper-video\" data-id=\"0a0a6ef\" data-element_type=\"widget\" data-widget_type=\"jesper-video.default\">\n\t\t\t\t<div class=\"elementor-widget-container\">\n\t\t\t\t\t\t\t\n\t\t\t\t\t\t<div class=\"tt-video ttv-grayscale ttv-portrait ttv-full-height\">\n\t\t\t<video playsinline autoplay muted  preload=\"metadata\" poster=\"http:\/\/baptiste-nechar.fr\/wp-content\/uploads\/2025\/08\/IMG_9622-1.mp4\">\n\t\t\t\t\t\t\t\t\t<source src=\"http:\/\/baptiste-nechar.fr\/wp-content\/themes\/jesper\/includes\/vids\/placeholder.mp4\" data-src=\"http:\/\/baptiste-nechar.fr\/wp-content\/uploads\/2025\/08\/IMG_9622.mp4\" type=\"video\/mp4\"  >\n\t\t\t\t\t\t\t\t\t\t\t<\/video>\n\t\t\t<\/div>\n\t\t\t\t\t\n\t\t\t\t\t\t<\/div>\n\t\t\t\t<\/div>\n\t\t\t\t<\/div>\n\t\t<div class=\"elementor-element elementor-element-1534c36 e-con-full e-flex tt-sticky-element-no tt-sticker-scroller-no e-con e-child\" data-id=\"1534c36\" data-element_type=\"container\">\n\t\t\t\t<\/div>\n\t\t<div class=\"elementor-element elementor-element-bf57494 e-con-full e-flex tt-sticky-element-no tt-sticker-scroller-no e-con e-child\" data-id=\"bf57494\" data-element_type=\"container\">\n\t\t\t\t<div class=\"elementor-element elementor-element-919b1a7 tt-sticky-element-no tt-sticker-scroller-no elementor-widget elementor-widget-jesper-simple-title\" data-id=\"919b1a7\" data-element_type=\"widget\" data-widget_type=\"jesper-simple-title.default\">\n\t\t\t\t<div class=\"elementor-widget-container\">\n\t\t\t\t\t\t\t\t\t\t\t<h2 class=\"tt-simple-title tt-anim-fadeinup  tt-font-alter\">Salut!<\/h2>\n\t\t\t\t\t\t\t\t\t\t<\/div>\n\t\t\t\t<\/div>\n\t\t\t\t<div class=\"elementor-element elementor-element-ca5ff0c tt-sticky-element-no tt-sticker-scroller-no elementor-widget elementor-widget-jesper-text-block\" data-id=\"ca5ff0c\" data-element_type=\"widget\" data-widget_type=\"jesper-text-block.default\">\n\t\t\t\t<div class=\"elementor-widget-container\">\n\t\t\t\t\t\t\t\t\t<div class=\"clear\">\n\t\t<div class=\"tt-text-uppercase jp-sec-title-des  text-lg max-width-df tt-anim-fadeinup   text-pretty \">\n\t\t\tJe m'appelle Baptiste, j'ai 27 ans, passionn\u00e9 par le cin\u00e9ma, le sport et tout ce qui touche au digital.<br><br>\n\nDipl\u00f4m\u00e9 d\u2019un Master Manager en Strat\u00e9gie Digitale chez FIM CCI Formation, j\u2019\u00e9volue aujourd\u2019hui dans le secteur du web, o\u00f9 je mets mes comp\u00e9tences au service de projets cr\u00e9atifs et performants.\n\nJe porte un int\u00e9r\u00eat particulier pour la communication digitale, la cr\u00e9ation de contenu vid\u00e9o et le r\u00e9f\u00e9rencement naturel (SEO). <br><br>Ces domaines me permettent d\u2019exprimer \u00e0 la fois ma cr\u00e9ativit\u00e9, ma rigueur et mon go\u00fbt pour la strat\u00e9gie.<br><br>\n\nQue ce soit pour d\u00e9velopper une identit\u00e9 de marque, optimiser la visibilit\u00e9 d\u2019un site, ou produire du contenu engageant, j\u2019aime travailler sur des projets qui allient esth\u00e9tique, efficacit\u00e9 et sens.\t\t<\/div>\n\t\t<\/div>\n\t\t\t\t\t\t\t\t<\/div>\n\t\t\t\t<\/div>\n\t\t\t\t<div class=\"elementor-element elementor-element-775ff40 tt-sticky-element-no tt-sticker-scroller-no elementor-widget elementor-widget-jespers-button\" data-id=\"775ff40\" data-element_type=\"widget\" data-widget_type=\"jespers-button.default\">\n\t\t\t\t<div class=\"elementor-widget-container\">\n\t\t\t\t\t        \n\t\t<div class=\"sec-button  clear\">\n\t\t\t\t\t<div class=\"tt-big-round-ptn tt-anim-fadeinup\">\n\t\t\t\t\t\t\t\t<a href=\"https:\/\/baptiste-nechar.fr\/index.php\/portfolio\/\" class=\"tt-big-round-ptn-holder tt-magnetic-item \">\n\t\t\t\t\t<div class=\"tt-big-round-ptn-inner\">Explore<br> Mon travail<\/div>\n\t\t\t\t<\/a>\n\t\t\t\t\t\t\t\t\t\n\t\t\t<\/div>\n\t\t\t\t\n\t\t<\/div>\t\t\n        \t\t\t\t<\/div>\n\t\t\t\t<\/div>\n\t\t\t\t<\/div>\n\t\t\t\t\t<\/div>\n\t\t\t\t<\/div>\n\t\t<div class=\"elementor-element elementor-element-7f870c0 e-con-full e-flex tt-sticky-element-no tt-sticker-scroller-no e-con e-parent\" data-id=\"7f870c0\" data-element_type=\"container\">\n\t\t\t\t<div class=\"elementor-element elementor-element-f77057b tt-sticky-element-no tt-sticker-scroller-no elementor-widget elementor-widget-jesper-scrolling-text\" data-id=\"f77057b\" data-element_type=\"widget\" data-widget_type=\"jesper-scrolling-text.default\">\n\t\t\t\t<div class=\"elementor-widget-container\">\n\t\t\t\t\t\t\t\n\t\t\t\t<div class=\"tt-scrolling-text-crossed\">\n\t\t<div class=\"tt-scrolling-text-crossed-inner\">\n\t\t\t\t\t\t<div class=\"tt-scrolling-text scrt-color-reverse\" data-scroll-speed=\"10\" data-change-direction=\"true\">\n\t\t\t<div class=\"tt-scrt-inner\">\n\t\t\t\t<div class=\"tt-scrt-content\">\n\t\t\t\t\tMotiv\u00e9  et <span class=\"tt-scrt-separator\"><i aria-hidden=\"true\" class=\"fa-regular fa-face-smile\"><\/i><\/span> \n\t\t\t\t\tMotiv\u00e9  et <span class=\"tt-scrt-separator\"><i aria-hidden=\"true\" class=\"fa-regular fa-face-smile\"><\/i><\/span>\n\t\t\t\t<\/div> <!-- \/.tt-scrt-content -->\n\t\t\t<\/div> <!-- \/.tt-scrt-inner -->\n\t\t<\/div> <!-- \/.tt-scrolling-text -->\n\t\t\t\t\t\t<div class=\"tt-scrolling-text\" data-scroll-speed=\"10\" data-change-direction=\"true\" data-opposite-direction=\"true\">\n\t\t\t<div class=\"tt-scrt-inner\">\n\t\t\t\t<div class=\"tt-scrt-content\">\n\t\t\t\t\tAutonome <span class=\"tt-scrt-separator\"><i aria-hidden=\"true\" class=\"fa-regular fa-face-smile\"><\/i><\/span> \n\t\t\t\t\tAutonome <span class=\"tt-scrt-separator\"><i aria-hidden=\"true\" class=\"fa-regular fa-face-smile\"><\/i><\/span> \n\t\t\t\t<\/div> <!-- \/.tt-scrt-content -->\n\t\t\t<\/div> <!-- \/.tt-scrt-inner -->\n\t\t<\/div>\n\t\t\t\n\t\t\t\t<\/div>\n\t\t<\/div>\n\t\t\t\t\t\t\t\t<\/div>\n\t\t\t\t<\/div>\n\t\t\t\t<\/div>\n\t\t<div class=\"elementor-element elementor-element-06d938c e-flex e-con-boxed tt-sticky-element-no tt-sticker-scroller-no e-con e-parent\" data-id=\"06d938c\" data-element_type=\"container\">\n\t\t\t\t\t<div class=\"e-con-inner\">\n\t\t<div class=\"elementor-element elementor-element-38984f0 e-con-full e-flex tt-sticky-element-no tt-sticker-scroller-no e-con e-child\" data-id=\"38984f0\" data-element_type=\"container\">\n\t\t\t\t<div class=\"elementor-element elementor-element-c783f9f tt-sticky-element-no tt-sticker-scroller-no elementor-widget elementor-widget-jesper-sec-title\" data-id=\"c783f9f\" data-element_type=\"widget\" data-widget_type=\"jesper-sec-title.default\">\n\t\t\t\t<div class=\"elementor-widget-container\">\n\t\t\t\t\t\t\t<div class=\"tt-heading max-width-df tt-heading-xxxlg\">\n\t\t\t\t\t\t<h3 class=\"tt-heading-subtitle tt-text-reveal\">Ce que je fais<\/h3>\n\t\t\t\t\t\t<h2 class=\"tt-heading-title tt-text-reveal\">Mes th\u00e8mes<\/h2>\n        <\/div>\n\t\t\t\t<div class=\"tt-text-uppercase margin-top-30 jp-sec-title-des  max-width-400 tt-anim-fadeinup  margin-left-xlg-10-p text-pretty \">\n\t\t\tComprendre mes comp\u00e9tences de travail et ce que je peux vous apporter\t\t<\/div>\n\t\t\t\t\t\t\t\t<\/div>\n\t\t\t\t<\/div>\n\t\t\t\t<\/div>\n\t\t<div class=\"elementor-element elementor-element-df1f0c4 e-con-full e-flex tt-sticky-element-no tt-sticker-scroller-no e-con e-child\" data-id=\"df1f0c4\" data-element_type=\"container\">\n\t\t\t\t<div class=\"elementor-element elementor-element-76e27ed tt-sticky-element-no tt-sticker-scroller-no elementor-widget elementor-widget-jesper-icon\" data-id=\"76e27ed\" data-element_type=\"widget\" data-widget_type=\"jesper-icon.default\">\n\t\t\t\t<div class=\"elementor-widget-container\">\n\t\t\t\t\t\t\t\t\t<div class=\"tt-big-arrow tt-ba-angle-bottom-left  tt-anim-fadeinup\">\n\t\t\t<svg xmlns=\"http:\/\/www.w3.org\/2000\/svg\" viewBox=\"0 0 24 24\">\n\t\t\t\t<path d=\"M13.025 1l-2.847 2.828 6.176 6.176h-16.354v3.992h16.354l-6.176 6.176 2.847 2.828 10.975-11z\"><\/path>\n\t\t\t<\/svg>\n\t\t<\/div> \n\t\t\t\t\t\t\t\t<\/div>\n\t\t\t\t<\/div>\n\t\t\t\t<\/div>\n\t\t\t\t\t<\/div>\n\t\t\t\t<\/div>\n\t\t<div class=\"elementor-element elementor-element-79ff1d0 e-con-full e-flex tt-sticky-element-no tt-sticker-scroller-no e-con e-parent\" data-id=\"79ff1d0\" data-element_type=\"container\">\n\t\t\t\t<div class=\"elementor-element elementor-element-12d41bc tt-sticky-element-no tt-sticker-scroller-no elementor-widget elementor-widget-jesper-service\" data-id=\"12d41bc\" data-element_type=\"widget\" data-widget_type=\"jesper-service.default\">\n\t\t\t\t<div class=\"elementor-widget-container\">\n\t\t\t\t\t\t\t<div class=\"tt-horizontal-accordion tt-anim-fadeinup tt-hac-alter-hover\">\n\t\t\t\t\t\t<!-- Begin horizontal accordion item \n\t\t\t===================================== -->\n\t\t\t<div class=\"tt-hac-item cursor-alter\">\n\t\t\t\t\t\t\t\t<div class=\"tt-hac-item-inner\">\n\t\t\t\t\t<div class=\"tt-hac-item-content\">\n\t\t\t\t\t\t<div class=\"tt-haci-content-top\">\n\t\t\t\t\t\t\t<h2 class=\"tt-haci-title\">Strat\u00e9gie<br>Digitale<\/h2>\n\t\t\t\t\t\t\t\t\t\t\t\t\t\t<div class=\"tt-haci-description\"> <!-- Max 4 lines of text displayed -->\n\t\t\t\t\t\t\t\tD\u00e9finir et piloter une strat\u00e9gie digitale efficace est une comp\u00e9tence que j\u2019ai d\u00e9velopp\u00e9e au fil de mes diff\u00e9rentes exp\u00e9riences. C\u2019est bien souvent l\u2019\u00e9l\u00e9ment cl\u00e9 qui conditionne la r\u00e9ussite des projets auxquels je participe.\t\t\t\t\t\t\t<\/div> <!-- \/.tt-haci-description -->\n\t\t\t\t\t\t\t\t\t\t\t\t\t<\/div> <!-- \/.tt-haci-content-top -->\n\t\t\t\t\t\t\t\t\t\t\t<\/div> <!-- \/.tt-hac-item-content -->\n\t\t\t\t<\/div> <!-- \/.tt-hac-item-inner -->\n\t\t\t<\/div>\n\t\t\t<!-- End horizontal accordion item -->\n\t\t\t\t\t\t<!-- Begin horizontal accordion item \n\t\t\t===================================== -->\n\t\t\t<div class=\"tt-hac-item cursor-alter\">\n\t\t\t\t\t\t\t\t<div class=\"tt-hac-item-inner\">\n\t\t\t\t\t<div class=\"tt-hac-item-content\">\n\t\t\t\t\t\t<div class=\"tt-haci-content-top\">\n\t\t\t\t\t\t\t<h2 class=\"tt-haci-title\">Cr\u00e9ation<br>graphique<\/h2>\n\t\t\t\t\t\t\t\t\t\t\t\t\t\t<div class=\"tt-haci-description\"> <!-- Max 4 lines of text displayed -->\n\t\t\t\t\t\t\t\tQu\u2019il s\u2019agisse de visuels print, web ou vid\u00e9o, j\u2019ai toujours \u00e9t\u00e9 fascin\u00e9 par la puissance de l\u2019image. Il m\u2019a donc paru naturel de relier cette passion \u00e0 mon travail. Aujourd\u2019hui, je continue de faire \u00e9voluer mon regard cr\u00e9atif afin d\u2019affiner ma vision et de maximiser l\u2019impact de chaque production visuelle.\t\t\t\t\t\t\t<\/div> <!-- \/.tt-haci-description -->\n\t\t\t\t\t\t\t\t\t\t\t\t\t<\/div> <!-- \/.tt-haci-content-top -->\n\t\t\t\t\t\t\t\t\t\t\t<\/div> <!-- \/.tt-hac-item-content -->\n\t\t\t\t<\/div> <!-- \/.tt-hac-item-inner -->\n\t\t\t<\/div>\n\t\t\t<!-- End horizontal accordion item -->\n\t\t\t\t\t\t<!-- Begin horizontal accordion item \n\t\t\t===================================== -->\n\t\t\t<div class=\"tt-hac-item cursor-alter\">\n\t\t\t\t\t\t\t\t<div class=\"tt-hac-item-inner\">\n\t\t\t\t\t<div class=\"tt-hac-item-content\">\n\t\t\t\t\t\t<div class=\"tt-haci-content-top\">\n\t\t\t\t\t\t\t<h2 class=\"tt-haci-title\">R\u00e9daction web et SEO<\/h2>\n\t\t\t\t\t\t\t\t\t\t\t\t\t\t<div class=\"tt-haci-description\"> <!-- Max 4 lines of text displayed -->\n\t\t\t\t\t\t\t\tJ\u2019ai pris conscience de l\u2019importance strat\u00e9gique du contenu optimis\u00e9 pour le r\u00e9f\u00e9rencement naturel, v\u00e9ritable levier de visibilit\u00e9 et de performance pour tout projet web. Selon moi, le SEO \u00e9ditorial est un pilier trop souvent sous-estim\u00e9\t\t\t\t\t\t\t<\/div> <!-- \/.tt-haci-description -->\n\t\t\t\t\t\t\t\t\t\t\t\t\t<\/div> <!-- \/.tt-haci-content-top -->\n\t\t\t\t\t\t\t\t\t\t\t<\/div> <!-- \/.tt-hac-item-content -->\n\t\t\t\t<\/div> <!-- \/.tt-hac-item-inner -->\n\t\t\t<\/div>\n\t\t\t<!-- End horizontal accordion item -->\n\t\t\t\t\t\t<!-- Begin horizontal accordion item \n\t\t\t===================================== -->\n\t\t\t<div class=\"tt-hac-item cursor-alter\">\n\t\t\t\t\t\t\t\t<div class=\"tt-hac-item-inner\">\n\t\t\t\t\t<div class=\"tt-hac-item-content\">\n\t\t\t\t\t\t<div class=\"tt-haci-content-top\">\n\t\t\t\t\t\t\t<h2 class=\"tt-haci-title\">Communication <br>et marketing<\/h2>\n\t\t\t\t\t\t\t\t\t\t\t\t\t\t<div class=\"tt-haci-description\"> <!-- Max 4 lines of text displayed -->\n\t\t\t\t\t\t\t\tG\u00e9rer et animer les r\u00e9seaux sociaux, ainsi que coordonner des \u00e9v\u00e9nements, sont des missions qui correspondent particuli\u00e8rement \u00e0 mes aspirations professionnelles.\t\t\t\t\t\t\t<\/div> <!-- \/.tt-haci-description -->\n\t\t\t\t\t\t\t\t\t\t\t\t\t<\/div> <!-- \/.tt-haci-content-top -->\n\t\t\t\t\t\t\t\t\t\t\t<\/div> <!-- \/.tt-hac-item-content -->\n\t\t\t\t<\/div> <!-- \/.tt-hac-item-inner -->\n\t\t\t<\/div>\n\t\t\t<!-- End horizontal accordion item -->\n\t\t\t\t\t\t<!-- Begin horizontal accordion item \n\t\t\t===================================== -->\n\t\t\t<div class=\"tt-hac-item cursor-alter\">\n\t\t\t\t\t\t\t\t<div class=\"tt-hac-item-inner\">\n\t\t\t\t\t<div class=\"tt-hac-item-content\">\n\t\t\t\t\t\t<div class=\"tt-haci-content-top\">\n\t\t\t\t\t\t\t<h2 class=\"tt-haci-title\">Relation <br> client<\/h2>\n\t\t\t\t\t\t\t\t\t\t\t\t\t\t<div class=\"tt-haci-description\"> <!-- Max 4 lines of text displayed -->\n\t\t\t\t\t\t\t\tJ\u2019ai \u00e9galement d\u00e9velopp\u00e9 une expertise dans l\u2019accompagnement et la relation client, un aspect de mon m\u00e9tier que j\u2019appr\u00e9cie particuli\u00e8rement, car il est au c\u0153ur de notre apprentissage et de la r\u00e9ussite des projets.\t\t\t\t\t\t\t<\/div> <!-- \/.tt-haci-description -->\n\t\t\t\t\t\t\t\t\t\t\t\t\t<\/div> <!-- \/.tt-haci-content-top -->\n\t\t\t\t\t\t\t\t\t\t\t<\/div> <!-- \/.tt-hac-item-content -->\n\t\t\t\t<\/div> <!-- \/.tt-hac-item-inner -->\n\t\t\t<\/div>\n\t\t\t<!-- End horizontal accordion item -->\n\t\t\t\t\t<\/div>\n\t\t\t\t\t\t<\/div>\n\t\t\t\t<\/div>\n\t\t\t\t<\/div>\n\t\t<div class=\"elementor-element elementor-element-9721acf e-flex e-con-boxed tt-sticky-element-no tt-sticker-scroller-no e-con e-parent\" data-id=\"9721acf\" data-element_type=\"container\">\n\t\t\t\t\t<div class=\"e-con-inner\">\n\t\t<div class=\"elementor-element elementor-element-aac37c0 e-con-full e-flex tt-sticky-element-no tt-sticker-scroller-no e-con e-child\" data-id=\"aac37c0\" data-element_type=\"container\">\n\t\t\t\t<div class=\"elementor-element elementor-element-3a36e20 tt-sticky-element-no tt-sticker-scroller-no elementor-widget elementor-widget-jesper-sec-title\" data-id=\"3a36e20\" data-element_type=\"widget\" data-widget_type=\"jesper-sec-title.default\">\n\t\t\t\t<div class=\"elementor-widget-container\">\n\t\t\t\t\t\t\t<div class=\"tt-heading max-width-df tt-heading-xxxlg\">\n\t\t\t\t\t\t<h3 class=\"tt-heading-subtitle tt-text-reveal\">Contact<\/h3>\n\t\t\t\t\t\t<h2 class=\"tt-heading-title tt-text-reveal\">Travaillons ensemble !<\/h2>\n        <\/div>\n\t\t\t\t\t\t\t\t<\/div>\n\t\t\t\t<\/div>\n\t\t\t\t<\/div>\n\t\t<div class=\"elementor-element elementor-element-d02ac48 e-con-full e-flex tt-sticky-element-no tt-sticker-scroller-no e-con e-child\" data-id=\"d02ac48\" data-element_type=\"container\">\n\t\t\t\t<div class=\"elementor-element elementor-element-97b918f tt-sticky-element-no tt-sticker-scroller-no elementor-widget elementor-widget-jespers-button\" data-id=\"97b918f\" data-element_type=\"widget\" data-widget_type=\"jespers-button.default\">\n\t\t\t\t<div class=\"elementor-widget-container\">\n\t\t\t\t\t        \n\t\t<div class=\"sec-button  clear\">\n\t\t\t\t\t<div class=\"tt-big-round-ptn tt-anim-fadeinup\">\n\t\t\t\t\t\t\t\t<a href=\"https:\/\/baptiste-nechar.fr\/index.php\/contact\/\" class=\"tt-big-round-ptn-holder tt-magnetic-item \">\n\t\t\t\t\t<div class=\"tt-big-round-ptn-inner\">Parlons<br>ensemble !<\/div>\n\t\t\t\t<\/a>\n\t\t\t\t\t\t\t\t\t\n\t\t\t<\/div>\n\t\t\t\t\n\t\t<\/div>\t\t\n        \t\t\t\t<\/div>\n\t\t\t\t<\/div>\n\t\t\t\t<div class=\"elementor-element elementor-element-0259208 tt-sticky-element-no tt-sticker-scroller-no elementor-widget elementor-widget-jesper-text-block\" data-id=\"0259208\" data-element_type=\"widget\" data-widget_type=\"jesper-text-block.default\">\n\t\t\t\t<div class=\"elementor-widget-container\">\n\t\t\t\t\t\t\t\t\t<div class=\"clear\">\n\t\t<div class=\"tt-text-uppercase jp-sec-title-des  text-df max-width-600 tt-text-reveal   text-pretty \">\n\t\t\tVous avez une id\u00e9e de projet ? Partagez-la avec moi, et discutons-en ensemble !\t\t<\/div>\n\t\t<\/div>\n\t\t\t\t\t\t\t\t<\/div>\n\t\t\t\t<\/div>\n\t\t\t\t<\/div>\n\t\t\t\t\t<\/div>\n\t\t\t\t<\/div>\n\t\t\t\t<\/div>\n\t\t","protected":false},"excerpt":{"rendered":"<p>Baptiste NECHAR \u00e0 PROPOS DE MOI Baptiste NECHAR Qui suis-je ? Scroll et Explore &#8211;&#8230;<\/p>\n","protected":false},"author":1,"featured_media":0,"parent":0,"menu_order":0,"comment_status":"closed","ping_status":"closed","template":"","meta":{"footnotes":""},"class_list":["post-43","page","type-page","status-publish","hentry"],"meta_box":[],"_links":{"self":[{"href":"http:\/\/baptiste-nechar.fr\/index.php\/wp-json\/wp\/v2\/pages\/43","targetHints":{"allow":["GET"]}}],"collection":[{"href":"http:\/\/baptiste-nechar.fr\/index.php\/wp-json\/wp\/v2\/pages"}],"about":[{"href":"http:\/\/baptiste-nechar.fr\/index.php\/wp-json\/wp\/v2\/types\/page"}],"author":[{"embeddable":true,"href":"http:\/\/baptiste-nechar.fr\/index.php\/wp-json\/wp\/v2\/users\/1"}],"replies":[{"embeddable":true,"href":"http:\/\/baptiste-nechar.fr\/index.php\/wp-json\/wp\/v2\/comments?post=43"}],"version-history":[{"count":33,"href":"http:\/\/baptiste-nechar.fr\/index.php\/wp-json\/wp\/v2\/pages\/43\/revisions"}],"predecessor-version":[{"id":2443,"href":"http:\/\/baptiste-nechar.fr\/index.php\/wp-json\/wp\/v2\/pages\/43\/revisions\/2443"}],"wp:attachment":[{"href":"http:\/\/baptiste-nechar.fr\/index.php\/wp-json\/wp\/v2\/media?parent=43"}],"curies":[{"name":"wp","href":"https:\/\/api.w.org\/{rel}","templated":true}]}}