{"id":46,"date":"2025-06-02T13:20:50","date_gmt":"2025-06-02T13:20:50","guid":{"rendered":"https:\/\/webredox.net\/demo\/wp\/jesper\/?page_id=46"},"modified":"2025-08-06T13:32:20","modified_gmt":"2025-08-06T13:32:20","slug":"contact","status":"publish","type":"page","link":"http:\/\/baptiste-nechar.fr\/index.php\/contact\/","title":{"rendered":"Contact"},"content":{"rendered":"\t\t<div data-elementor-type=\"wp-page\" data-elementor-id=\"46\" class=\"elementor elementor-46\">\n\t\t\t\t<div class=\"elementor-element elementor-element-66c82fe e-con-full e-flex tt-sticky-element-no tt-sticker-scroller-no e-con e-parent\" data-id=\"66c82fe\" data-element_type=\"container\">\n\t\t\t\t<div class=\"elementor-element elementor-element-cebe408 tt-sticky-element-no tt-sticker-scroller-no elementor-widget elementor-widget-jesper-banner\" data-id=\"cebe408\" data-element_type=\"widget\" data-widget_type=\"jesper-banner.default\">\n\t\t\t\t<div class=\"elementor-widget-container\">\n\t\t\t\t\t\t\t<!-- ========================\n\t\t\/\/\/\/\/ Begin page header \/\/\/\/\/\n\t\t============================= \n\t\t-->\n\t\t<div id=\"page-header\" class=\"ph-full  ph-full-m ph-cap-xxxxlg ph-image-parallax  ph-bg-is-dark ph-center ph-caption-parallax\">\n\t\t\t\t\t\t\t\t\t<!-- Begin page header video \n\t\t\t============================= \n\t\t\t-->\n\t\t\t\t\t\t\t\t\t<!-- End page header video -->\n\t\t\t<div class=\"page-header-inner tt-wrap\">\n\t\t\t\t<div class=\"ph-caption\">\n\t\t\t\t\t<div class=\"ph-caption-inner\">\n\t\t\t\t\t\t\t\t\t\t\t\t<h3 class=\"ph-caption-subtitle\">\n\t\t\t\t\t\t\tTravaillions ensemble\t\t\t\t\t\t<\/h3>\n\t\t\t\t\t\t\t\t\t\t\t\t\t\t\t\t\t\t<h1 class=\"ph-caption-title\">\n\t\t\t\t\t\t\tContactez-moi\t\t\t\t\t\t<\/h1>\n\t\t\t\t\t\t\t\t\t\t\t\t\t\t\t\t\t\t<div class=\"ph-caption-description max-width-700\">\n\t\t\t\t\t\tUne nouvelle id\u00e9e de projet ? <br>\u00c9crivez-moi et discutons-en.\t\t\t\t\t\t<\/div>\n\t\t\t\t\t\t\n\t\t\t\t\t\t\t\t\t\t\t<\/div> <!-- \/.ph-caption-inner -->\n\t\t\t\t<\/div> <!-- \/.ph-caption -->\n\t\t\t<\/div> <!-- \/.page-header-inner -->\n\t\t\t\t\t\t<div class=\"page-header-inner ph-mask\">\n\t\t\t\t<div class=\"ph-mask-inner tt-wrap\">\n\t\t\t\t\t<div class=\"ph-caption\">\n\t\t\t\t\t\t<div class=\"ph-caption-inner\">\n\t\t\t\t\t\t\t\t\t\t\t\t\t\t<h3 class=\"ph-caption-subtitle\">\n\t\t\t\t\t\t\tUne opportunit\u00e9 \u00e0 saisir\t\t\t\t\t\t\t<\/h3>\n\t\t\t\t\t\t\t\t\t\t\t\t\t\t<h1 class=\"ph-caption-title\">\n\t\t\t\t\t\t\t\t\t\t\t\t\t\t\t\u00e9crivez-moi\t\t\t\t\t\t\t\t\t\t\t\t\t\t\t<\/h1>\n\t\t\t\t\t\t\t\t\t\t\t\t\t\t<div class=\"ph-caption-description max-width-700\">\n\t\t\t\t\t\t\tUne nouvelle id\u00e9e de projet ? <br>\u00c9crivez-moi et discutons-en.\t\t\t\t\t\t\t<\/div>\n\t\t\t\t\t\t\t\t\t\t\t\t\t\t\t\t\t\t\t\t<\/div> <!-- \/.ph-caption-inner -->\n\t\t\t\t\t<\/div> <!-- \/.ph-caption -->\n\t\t\t\t<\/div> <!-- \/.ph-mask-inner -->\n\t\t\t<\/div>\n\t\t\t<!-- End page header mask -->\n\t\t\t\t\t\t\t\t\t\t\t\t<!-- End social buttons -->\n\t\t\t\t\t\t<!-- Begin scroll down\n\t\t\t=======================\n\t\t\t* Note: Circle shown only if class \"ph-full\" or \"ph-full-m\" is enabled in \"page-header\" but not on small screens! Otherwise, only the arrow icon will be shown to save space.\n\t\t\t-->\n\t\t\t\t\t\t<div class=\"tt-scroll-down\">\n\t\t\t\t<!-- You can change \"data-offset\" attribute to set scroll top offset -->\n\t\t\t\t<a href=\"#contact-section\" class=\"tt-scroll-down-inner tt-magnetic-item\" data-offset=\"0\">\n\t\t\t\t\t<div class=\"tt-scrd-icon\"><\/div>\n\t\t\t\t\t<svg viewBox=\"0 0 500 500\">\n\t\t\t\t\t\t<defs>\n\t\t\t\t\t\t\t<path d=\"M50,250c0-110.5,89.5-200,200-200s200,89.5,200,200s-89.5,200-200,200S50,360.5,50,250\" id=\"textcircle\"><\/path>\n\t\t\t\t\t\t<\/defs>\n\t\t\t\t\t\t<text dy=\"30\">\n\t\t\t\t\t\t\t<!-- If you change the text, you probably have to change the CSS parameters as well. In the \"theme.css\" file, find \".tt-scroll-down text {\" and change the \"font-size\" and \"letter-spacing\" to fit the text correctly. -->\n\t\t\t\t\t\t\t<textPath xlink:href=\"#textcircle\">Scroll et Explore - Scroll et Explore -<\/textPath>\n\t\t\t\t\t\t<\/text>\n\t\t\t\t\t<\/svg>\n\t\t\t\t<\/a> <!-- \/.tt-scroll-down-inner -->\n\t\t\t<\/div>\n\t\t\t<!-- End scroll down -->\n\t\t\t\t\t\t\t\t<\/div>\n\t\t<!-- End page header -->\n\t\t\t\t\t\t<\/div>\n\t\t\t\t<\/div>\n\t\t\t\t<\/div>\n\t\t<div class=\"elementor-element elementor-element-4fb01e7 e-flex e-con-boxed tt-sticky-element-no tt-sticker-scroller-no e-con e-parent\" data-id=\"4fb01e7\" data-element_type=\"container\" id=\"contact-section\">\n\t\t\t\t\t<div class=\"e-con-inner\">\n\t\t<div class=\"elementor-element elementor-element-3695cd1 e-con-full e-flex tt-sticky-element-no tt-sticker-scroller-no e-con e-child\" data-id=\"3695cd1\" data-element_type=\"container\">\n\t\t\t\t<div class=\"elementor-element elementor-element-2db225b elementor-hidden-mobile tt-sticky-element-no tt-sticker-scroller-no elementor-widget elementor-widget-jesper-icon\" data-id=\"2db225b\" data-element_type=\"widget\" data-widget_type=\"jesper-icon.default\">\n\t\t\t\t<div class=\"elementor-widget-container\">\n\t\t\t\t\t\t\t\t\t<div class=\"tt-big-arrow tt-ba-angle-bottom-left  tt-anim-fadeinup\">\n\t\t\t<svg xmlns=\"http:\/\/www.w3.org\/2000\/svg\" viewBox=\"0 0 24 24\">\n\t\t\t\t<path d=\"M13.025 1l-2.847 2.828 6.176 6.176h-16.354v3.992h16.354l-6.176 6.176 2.847 2.828 10.975-11z\"><\/path>\n\t\t\t<\/svg>\n\t\t<\/div> \n\t\t\t\t\t\t\t\t<\/div>\n\t\t\t\t<\/div>\n\t\t\t\t<div class=\"elementor-element elementor-element-35bc9e7 tt-sticky-element-no tt-sticker-scroller-no elementor-widget elementor-widget-jesper-simple-title\" data-id=\"35bc9e7\" data-element_type=\"widget\" data-widget_type=\"jesper-simple-title.default\">\n\t\t\t\t<div class=\"elementor-widget-container\">\n\t\t\t\t\t\t\t\t\t<div class=\"tt-contact-info  tt-anim-fadeinup  \">\n\t\t\t\t<h6  class=\"tt-simple-title \">\n\t\tTravaillons ensemble\t\t<\/h6>\n\t\t\t\t<\/div>\n\t\t\t\t\t\t\t\t<\/div>\n\t\t\t\t<\/div>\n\t\t\t\t<div class=\"elementor-element elementor-element-bab4e4e tt-sticky-element-no tt-sticker-scroller-no elementor-widget elementor-widget-jesper-text-block\" data-id=\"bab4e4e\" data-element_type=\"widget\" data-widget_type=\"jesper-text-block.default\">\n\t\t\t\t<div class=\"elementor-widget-container\">\n\t\t\t\t\t\t\t\t\t<div class=\"clear\">\n\t\t<div class=\"tt-text-uppercase jp-sec-title-des  text-df max-width-df tt-anim-fadeinup    \">\n\t\t\tRemplissez ce formulaire pour d\u00e9taillez votre projet et je vous recontacte dans les d\u00e9lais les plus courts \t\t<\/div>\n\t\t<\/div>\n\t\t\t\t\t\t\t\t<\/div>\n\t\t\t\t<\/div>\n\t\t\t\t<div class=\"elementor-element elementor-element-0580f39 tt-sticky-element-no tt-sticker-scroller-no elementor-widget elementor-widget-jesper-contact-info\" data-id=\"0580f39\" data-element_type=\"widget\" data-widget_type=\"jesper-contact-info.default\">\n\t\t\t\t<div class=\"elementor-widget-container\">\n\t\t\t\t\t\t\t<div class=\"tt-contact-info tt-anim-fadeinup\">\r\n\t\t<div class=\"tt-contact-details\">\r\n\t\t\t\t<h6>D\u00e9tails<\/h6>\r\n\t\t\t\t\t\t<ul>\r\n\t\t\t\t<li>\r\n\t\t\t\t\t\t<span class=\"tt-cd-icon\"><svg aria-hidden=\"true\" class=\"e-font-icon-svg e-fas-map-marker-alt\" viewBox=\"0 0 384 512\" xmlns=\"http:\/\/www.w3.org\/2000\/svg\"><path d=\"M172.268 501.67C26.97 291.031 0 269.413 0 192 0 85.961 85.961 0 192 0s192 85.961 192 192c0 77.413-26.97 99.031-172.268 309.67-9.535 13.774-29.93 13.773-39.464 0zM192 272c44.183 0 80-35.817 80-80s-35.817-80-80-80-80 35.817-80 80 35.817 80 80 80z\"><\/path><\/svg> <\/span>\r\n\t\t\t\t\t\t<a href=\"https:\/\/www.google.fr\/maps\/?ll=49.182863,-0.370679&#038;q=14000+Caen%2C+France\" target=\"_blank\" rel=\"nofollow\"  class=\"tt-link\">Caen<\/a>\r\n\t\t\t\t<\/li>\r\n\t\t\t\t<li>\r\n\t\t\t\t\t\t<span class=\"tt-cd-icon\"><svg aria-hidden=\"true\" class=\"e-font-icon-svg e-fas-phone-alt\" viewBox=\"0 0 512 512\" xmlns=\"http:\/\/www.w3.org\/2000\/svg\"><path d=\"M497.39 361.8l-112-48a24 24 0 0 0-28 6.9l-49.6 60.6A370.66 370.66 0 0 1 130.6 204.11l60.6-49.6a23.94 23.94 0 0 0 6.9-28l-48-112A24.16 24.16 0 0 0 122.6.61l-104 24A24 24 0 0 0 0 48c0 256.5 207.9 464 464 464a24 24 0 0 0 23.4-18.6l24-104a24.29 24.29 0 0 0-14.01-27.6z\"><\/path><\/svg> <\/span>\r\n\t\t\t\t<a href=\"tel:+(33)641586129 class=\"tt-link\"\" >06 41 58 61 29<\/a>\r\n\t\t\t\t<\/li>\r\n\t\t\t\t<li>\r\n\t\t\t\t\t\t<span class=\"tt-cd-icon\"><svg aria-hidden=\"true\" class=\"e-font-icon-svg e-fas-envelope\" viewBox=\"0 0 512 512\" xmlns=\"http:\/\/www.w3.org\/2000\/svg\"><path d=\"M502.3 190.8c3.9-3.1 9.7-.2 9.7 4.7V400c0 26.5-21.5 48-48 48H48c-26.5 0-48-21.5-48-48V195.6c0-5 5.7-7.8 9.7-4.7 22.4 17.4 52.1 39.5 154.1 113.6 21.1 15.4 56.7 47.8 92.2 47.6 35.7.3 72-32.8 92.3-47.6 102-74.1 131.6-96.3 154-113.7zM256 320c23.2.4 56.6-29.2 73.4-41.4 132.7-96.3 142.8-104.7 173.4-128.7 5.8-4.5 9.2-11.5 9.2-18.9v-19c0-26.5-21.5-48-48-48H48C21.5 64 0 85.5 0 112v19c0 7.4 3.4 14.3 9.2 18.9 30.6 23.9 40.7 32.4 173.4 128.7 16.8 12.2 50.2 41.8 73.4 41.4z\"><\/path><\/svg> <\/span>\r\n\t\t\t\t<a href=\"mailto:bnechar@gmail.com\" class=\"tt-link\">bnechar@gmail.com<\/a>\r\n\t\t\t\t<\/li>\r\n\t\t\t\t<\/ul>\r\n\t\t\t\t<\/div>\r\n\t\t<\/div>\r\n\t\t\t\t\t\t<\/div>\n\t\t\t\t<\/div>\n\t\t\t\t<div class=\"elementor-element elementor-element-5350aaa tt-sticky-element-no tt-sticker-scroller-no elementor-widget elementor-widget-jesper-social-icons\" data-id=\"5350aaa\" data-element_type=\"widget\" data-widget_type=\"jesper-social-icons.default\">\n\t\t\t\t<div class=\"elementor-widget-container\">\n\t\t\t\t\t\r\n\t\t<!-- accordion-->                            \r\n        \r\n\t\t<div class=\"tt-contact-info  tt-anim-fadeinup\">\r\n\t\t\r\n\t\t\t\t<h6>Mes r\u00e9seaux<\/h6>\r\n\t\t\t\t<div class=\"tt-social-buttons\">\r\n\t\t<ul>\r\n\t\t\t\t\t\t            <li><a href=\"\" class=\"tt-magnetic-item\" >\r\n\t\t\t\t\t\t<svg aria-hidden=\"true\" class=\"e-font-icon-svg e-fab-facebook-f\" viewBox=\"0 0 320 512\" xmlns=\"http:\/\/www.w3.org\/2000\/svg\"><path d=\"M279.14 288l14.22-92.66h-88.91v-60.13c0-25.35 12.42-50.06 52.24-50.06h40.42V6.26S260.43 0 225.36 0c-73.22 0-121.08 44.38-121.08 124.72v70.62H22.89V288h81.39v224h100.17V288z\"><\/path><\/svg>\t\t\t\t\t\t<\/a><\/li>\r\n\t\t\t\t\t\t            <li><a href=\"#\" class=\"tt-magnetic-item\" >\r\n\t\t\t\t\t\t<svg aria-hidden=\"true\" class=\"e-font-icon-svg e-fab-youtube\" viewBox=\"0 0 576 512\" xmlns=\"http:\/\/www.w3.org\/2000\/svg\"><path d=\"M549.655 124.083c-6.281-23.65-24.787-42.276-48.284-48.597C458.781 64 288 64 288 64S117.22 64 74.629 75.486c-23.497 6.322-42.003 24.947-48.284 48.597-11.412 42.867-11.412 132.305-11.412 132.305s0 89.438 11.412 132.305c6.281 23.65 24.787 41.5 48.284 47.821C117.22 448 288 448 288 448s170.78 0 213.371-11.486c23.497-6.321 42.003-24.171 48.284-47.821 11.412-42.867 11.412-132.305 11.412-132.305s0-89.438-11.412-132.305zm-317.51 213.508V175.185l142.739 81.205-142.739 81.201z\"><\/path><\/svg>\t\t\t\t\t\t<\/a><\/li>\r\n\t\t\t\t\t\t            <li><a href=\"\" class=\"tt-magnetic-item\" >\r\n\t\t\t\t\t\t<svg aria-hidden=\"true\" class=\"e-font-icon-svg e-fab-linkedin\" viewBox=\"0 0 448 512\" xmlns=\"http:\/\/www.w3.org\/2000\/svg\"><path d=\"M416 32H31.9C14.3 32 0 46.5 0 64.3v383.4C0 465.5 14.3 480 31.9 480H416c17.6 0 32-14.5 32-32.3V64.3c0-17.8-14.4-32.3-32-32.3zM135.4 416H69V202.2h66.5V416zm-33.2-243c-21.3 0-38.5-17.3-38.5-38.5S80.9 96 102.2 96c21.2 0 38.5 17.3 38.5 38.5 0 21.3-17.2 38.5-38.5 38.5zm282.1 243h-66.4V312c0-24.8-.5-56.7-34.5-56.7-34.6 0-39.9 27-39.9 54.9V416h-66.4V202.2h63.7v29.2h.9c8.9-16.8 30.6-34.5 62.9-34.5 67.2 0 79.7 44.3 79.7 101.9V416z\"><\/path><\/svg>\t\t\t\t\t\t<\/a><\/li>\r\n\t\t\t\t\t\t            <li><a href=\"https:\/\/www.instagram.com\/ranech.bapt\/\" class=\"tt-magnetic-item\" >\r\n\t\t\t\t\t\t<svg aria-hidden=\"true\" class=\"e-font-icon-svg e-fab-instagram\" viewBox=\"0 0 448 512\" xmlns=\"http:\/\/www.w3.org\/2000\/svg\"><path d=\"M224.1 141c-63.6 0-114.9 51.3-114.9 114.9s51.3 114.9 114.9 114.9S339 319.5 339 255.9 287.7 141 224.1 141zm0 189.6c-41.1 0-74.7-33.5-74.7-74.7s33.5-74.7 74.7-74.7 74.7 33.5 74.7 74.7-33.6 74.7-74.7 74.7zm146.4-194.3c0 14.9-12 26.8-26.8 26.8-14.9 0-26.8-12-26.8-26.8s12-26.8 26.8-26.8 26.8 12 26.8 26.8zm76.1 27.2c-1.7-35.9-9.9-67.7-36.2-93.9-26.2-26.2-58-34.4-93.9-36.2-37-2.1-147.9-2.1-184.9 0-35.8 1.7-67.6 9.9-93.9 36.1s-34.4 58-36.2 93.9c-2.1 37-2.1 147.9 0 184.9 1.7 35.9 9.9 67.7 36.2 93.9s58 34.4 93.9 36.2c37 2.1 147.9 2.1 184.9 0 35.9-1.7 67.7-9.9 93.9-36.2 26.2-26.2 34.4-58 36.2-93.9 2.1-37 2.1-147.8 0-184.8zM398.8 388c-7.8 19.6-22.9 34.7-42.6 42.6-29.5 11.7-99.5 9-132.1 9s-102.7 2.6-132.1-9c-19.6-7.8-34.7-22.9-42.6-42.6-11.7-29.5-9-99.5-9-132.1s-2.6-102.7 9-132.1c7.8-19.6 22.9-34.7 42.6-42.6 29.5-11.7 99.5-9 132.1-9s102.7-2.6 132.1 9c19.6 7.8 34.7 22.9 42.6 42.6 11.7 29.5 9 99.5 9 132.1s2.7 102.7-9 132.1z\"><\/path><\/svg>\t\t\t\t\t\t<\/a><\/li>\r\n\t\t\t\t\t<\/ul>\r\n\t\t<\/div>\r\n        <\/div>\r\n        \r\n        <!-- accordion end --> \t\t\t\t\t\t\t\r\n\t\t\r\n\r\n        \t\t\t\t<\/div>\n\t\t\t\t<\/div>\n\t\t\t\t<\/div>\n\t\t<div class=\"elementor-element elementor-element-f425204 e-con-full e-flex tt-sticky-element-no tt-sticker-scroller-no e-con e-child\" data-id=\"f425204\" data-element_type=\"container\">\n\t\t\t\t<div class=\"elementor-element elementor-element-24e8d92 tt-sticky-element-no tt-sticker-scroller-no elementor-widget elementor-widget-jesper-form\" data-id=\"24e8d92\" data-element_type=\"widget\" data-widget_type=\"jesper-form.default\">\n\t\t\t\t<div class=\"elementor-widget-container\">\n\t\t\t\t\t\r\n\t\t<!-- =========== Start of Title============ -->\r\n\t\t<div  class=\"vc_template tt-form  tt-form-creative tt-form-lg  tt-anim-fadeinup\">\r\n           \n<div class=\"wpcf7 no-js\" id=\"wpcf7-f2212-o1\" lang=\"en-US\" dir=\"ltr\" data-wpcf7-id=\"2212\">\n<div class=\"screen-reader-response\"><p role=\"status\" aria-live=\"polite\" aria-atomic=\"true\"><\/p> <ul><\/ul><\/div>\n<form action=\"\/index.php\/wp-json\/wp\/v2\/pages\/46#wpcf7-f2212-o1\" method=\"post\" class=\"wpcf7-form init\" aria-label=\"Contact form\" novalidate=\"novalidate\" data-status=\"init\">\n<fieldset class=\"hidden-fields-container\"><input type=\"hidden\" name=\"_wpcf7\" value=\"2212\" \/><input type=\"hidden\" name=\"_wpcf7_version\" value=\"6.1.1\" \/><input type=\"hidden\" name=\"_wpcf7_locale\" value=\"en_US\" \/><input type=\"hidden\" name=\"_wpcf7_unit_tag\" value=\"wpcf7-f2212-o1\" \/><input type=\"hidden\" name=\"_wpcf7_container_post\" value=\"0\" \/><input type=\"hidden\" name=\"_wpcf7_posted_data_hash\" value=\"\" \/>\n<\/fieldset>\n<p><label>Quel est votre nom ? *<\/label><br \/>\n<span class=\"wpcf7-form-control-wrap\" data-name=\"your-name\"><input size=\"40\" maxlength=\"400\" class=\"wpcf7-form-control wpcf7-text wpcf7-validates-as-required\" autocomplete=\"name\" aria-required=\"true\" aria-invalid=\"false\" placeholder=\"Fran\u00e7ois DUPONT\" value=\"\" type=\"text\" name=\"your-name\" \/><\/span>\n<\/p>\n<p><label>Quel est votre adresse mail ? *<\/label><br \/>\n<span class=\"wpcf7-form-control-wrap\" data-name=\"email-439\"><input size=\"40\" maxlength=\"400\" class=\"wpcf7-form-control wpcf7-email wpcf7-validates-as-required wpcf7-text wpcf7-validates-as-email\" aria-required=\"true\" aria-invalid=\"false\" placeholder=\"francois@dupont.com\" value=\"\" type=\"email\" name=\"email-439\" \/><\/span>\n<\/p>\n<p><label>Quel est le sujet de ce contact ? *<\/label><br \/>\n<span class=\"wpcf7-form-control-wrap\" data-name=\"select-612\"><select class=\"wpcf7-form-control wpcf7-select\" aria-invalid=\"false\" name=\"select-612\"><option value=\"\">Choissiez une option<\/option><option value=\"Recrutement\">Recrutement<\/option><option value=\"Feedback\">Feedback<\/option><option value=\"Projet\">Projet<\/option><\/select><\/span>\n<\/p>\n<p><label>Votre message *<\/label><br \/>\n<span class=\"wpcf7-form-control-wrap\" data-name=\"textarea-513\"><textarea cols=\"40\" rows=\"10\" maxlength=\"2000\" class=\"wpcf7-form-control wpcf7-textarea\" aria-invalid=\"false\" placeholder=\"Bonjour, je souhaiterais...\" name=\"textarea-513\"><\/textarea><\/span>\n<\/p>\n<p><div class=\"wpcf7-form-control has-spinner wpcf7-submit tt-anim-fadeinup\"><button class=\" tt-btn tt-btn-primary tt-magnetic-item\"> <span  data-hover=\"Envoyer\">Envoyer<\/span><\/button><\/div>\n<\/p><div class=\"wpcf7-response-output\" aria-hidden=\"true\"><\/div>\n<\/form>\n<\/div>\n\t\t<\/div>\t\t\t\t\t\t\t\t\t\t\r\n\t\t\r\n\t    \r\n\t        <!-- =========== End of Title ============ -->\r\n\r\n        \t\t\t\t<\/div>\n\t\t\t\t<\/div>\n\t\t\t\t<\/div>\n\t\t\t\t\t<\/div>\n\t\t\t\t<\/div>\n\t\t<div class=\"elementor-element elementor-element-8f02eb6 e-con-full e-flex tt-sticky-element-no tt-sticker-scroller-no e-con e-parent\" data-id=\"8f02eb6\" data-element_type=\"container\">\n\t\t\t\t<div class=\"elementor-element elementor-element-0d377a2 tt-sticky-element-no tt-sticker-scroller-no elementor-widget elementor-widget-jesper-divider\" data-id=\"0d377a2\" data-element_type=\"widget\" data-widget_type=\"jesper-divider.default\">\n\t\t\t\t<div class=\"elementor-widget-container\">\n\t\t\t\t\t\t\t<div class=\"border-top\"><\/div>\n\t\t\t\t\t\t<\/div>\n\t\t\t\t<\/div>\n\t\t\t\t<\/div>\n\t\t<div class=\"elementor-element elementor-element-d82a36b e-flex e-con-boxed tt-sticky-element-no tt-sticker-scroller-no e-con e-parent\" data-id=\"d82a36b\" data-element_type=\"container\">\n\t\t\t\t\t<div class=\"e-con-inner\">\n\t\t<div class=\"elementor-element elementor-element-d9b96f1 e-con-full e-flex tt-sticky-element-no tt-sticker-scroller-no e-con e-child\" data-id=\"d9b96f1\" data-element_type=\"container\">\n\t\t\t\t<div class=\"elementor-element elementor-element-528a1ea tt-sticky-element-no tt-sticker-scroller-no elementor-widget elementor-widget-jesper-sec-title\" data-id=\"528a1ea\" data-element_type=\"widget\" data-widget_type=\"jesper-sec-title.default\">\n\t\t\t\t<div class=\"elementor-widget-container\">\n\t\t\t\t\t\t\t<div class=\"tt-heading max-width-df tt-heading-xxxlg\">\n\t\t\t\t\t\t<h3 class=\"tt-heading-subtitle tt-text-reveal\">Mes projets<\/h3>\n\t\t\t\t\t\t<h2 class=\"tt-heading-title tt-text-reveal\">Explorez<br> Mon travail<\/h2>\n        <\/div>\n\t\t\t\t\t\t\t\t<\/div>\n\t\t\t\t<\/div>\n\t\t\t\t<\/div>\n\t\t<div class=\"elementor-element elementor-element-e2364ad e-con-full e-flex tt-sticky-element-no tt-sticker-scroller-no e-con e-child\" data-id=\"e2364ad\" data-element_type=\"container\">\n\t\t\t\t<div class=\"elementor-element elementor-element-c966f8f tt-sticky-element-no tt-sticker-scroller-no elementor-widget elementor-widget-jespers-button\" data-id=\"c966f8f\" data-element_type=\"widget\" data-widget_type=\"jespers-button.default\">\n\t\t\t\t<div class=\"elementor-widget-container\">\n\t\t\t\t\t        \n\t\t<div class=\"sec-button  clear\">\n\t\t\t\t\t<div class=\"tt-big-round-ptn tt-anim-fadeinup\">\n\t\t\t\t\t\t\t\t<a href=\"https:\/\/webredox.net\/demo\/wp\/jesper\/portfolio\/\" class=\"tt-big-round-ptn-holder tt-magnetic-item \">\n\t\t\t\t\t<div class=\"tt-big-round-ptn-inner\">Mon<br>Travail<\/div>\n\t\t\t\t<\/a>\n\t\t\t\t\t\t\t\t\t\n\t\t\t<\/div>\n\t\t\t\t\n\t\t<\/div>\t\t\n        \t\t\t\t<\/div>\n\t\t\t\t<\/div>\n\t\t\t\t<div class=\"elementor-element elementor-element-0c345c4 tt-sticky-element-no tt-sticker-scroller-no elementor-widget elementor-widget-jesper-text-block\" data-id=\"0c345c4\" data-element_type=\"widget\" data-widget_type=\"jesper-text-block.default\">\n\t\t\t\t<div class=\"elementor-widget-container\">\n\t\t\t\t\t\t\t\t\t<div class=\"clear\">\n\t\t<div class=\"tt-text-uppercase jp-sec-title-des  text-df max-width-600 tt-text-reveal   text-pretty \">\n\t\t\tD\u00e9couvrez l\u2019ensemble de mes id\u00e9es et projets, que j\u2019ai eu l\u2019opportunit\u00e9 de concevoir, d\u00e9velopper et mener \u00e0 bien avec succ\u00e8s. Chaque r\u00e9alisation refl\u00e8te mon engagement, ma cr\u00e9ativit\u00e9 et ma capacit\u00e9 \u00e0 transformer une vision en r\u00e9sultats concrets.\t\t<\/div>\n\t\t<\/div>\n\t\t\t\t\t\t\t\t<\/div>\n\t\t\t\t<\/div>\n\t\t\t\t<\/div>\n\t\t\t\t\t<\/div>\n\t\t\t\t<\/div>\n\t\t\t\t<\/div>\n\t\t","protected":false},"excerpt":{"rendered":"<p>Travaillions ensemble Contactez-moi Une nouvelle id\u00e9e de projet ? \u00c9crivez-moi et discutons-en. Une opportunit\u00e9 \u00e0&#8230;<\/p>\n","protected":false},"author":1,"featured_media":0,"parent":0,"menu_order":0,"comment_status":"closed","ping_status":"closed","template":"","meta":{"footnotes":""},"class_list":["post-46","page","type-page","status-publish","hentry"],"meta_box":[],"_links":{"self":[{"href":"http:\/\/baptiste-nechar.fr\/index.php\/wp-json\/wp\/v2\/pages\/46","targetHints":{"allow":["GET"]}}],"collection":[{"href":"http:\/\/baptiste-nechar.fr\/index.php\/wp-json\/wp\/v2\/pages"}],"about":[{"href":"http:\/\/baptiste-nechar.fr\/index.php\/wp-json\/wp\/v2\/types\/page"}],"author":[{"embeddable":true,"href":"http:\/\/baptiste-nechar.fr\/index.php\/wp-json\/wp\/v2\/users\/1"}],"replies":[{"embeddable":true,"href":"http:\/\/baptiste-nechar.fr\/index.php\/wp-json\/wp\/v2\/comments?post=46"}],"version-history":[{"count":18,"href":"http:\/\/baptiste-nechar.fr\/index.php\/wp-json\/wp\/v2\/pages\/46\/revisions"}],"predecessor-version":[{"id":2455,"href":"http:\/\/baptiste-nechar.fr\/index.php\/wp-json\/wp\/v2\/pages\/46\/revisions\/2455"}],"wp:attachment":[{"href":"http:\/\/baptiste-nechar.fr\/index.php\/wp-json\/wp\/v2\/media?parent=46"}],"curies":[{"name":"wp","href":"https:\/\/api.w.org\/{rel}","templated":true}]}}